{"id":496,"date":"2023-04-12T08:51:20","date_gmt":"2023-04-12T08:51:20","guid":{"rendered":"http:\/\/localhost\/mrittik\/?page_id=496"},"modified":"2025-07-22T13:40:08","modified_gmt":"2025-07-22T13:40:08","slug":"koleksiyonlar","status":"publish","type":"page","link":"https:\/\/kavcintekstil.com\/en\/koleksiyonlar\/","title":{"rendered":"Collections"},"content":{"rendered":"<div data-elementor-type=\"wp-page\" data-elementor-id=\"496\" class=\"elementor elementor-496\" data-elementor-post-type=\"page\">\n\t\t\t\t<div class=\"elementor-element elementor-element-299b08c e-flex e-con-boxed e-con e-parent\" data-id=\"299b08c\" data-element_type=\"container\">\t\t\t<div class=\"e-con-inner\">\r\n\t\t<div class=\"elementor-element elementor-element-ccaa68b e-con-full e-flex e-con e-child\" data-id=\"ccaa68b\" data-element_type=\"container\">\t\t<div class=\"elementor-element elementor-element-e2c2826 elementor-arrows-position-inside elementor-pagination-position-outside elementor-widget elementor-widget-image-carousel\" data-id=\"e2c2826\" data-element_type=\"widget\" data-settings=\"{&quot;slides_to_show&quot;:&quot;1&quot;,&quot;navigation&quot;:&quot;both&quot;,&quot;autoplay&quot;:&quot;yes&quot;,&quot;pause_on_hover&quot;:&quot;yes&quot;,&quot;pause_on_interaction&quot;:&quot;yes&quot;,&quot;autoplay_speed&quot;:5000,&quot;infinite&quot;:&quot;yes&quot;,&quot;effect&quot;:&quot;slide&quot;,&quot;speed&quot;:500}\" data-widget_type=\"image-carousel.default\">\n\t\t\t\t<div class=\"elementor-widget-container\">\n\t\t\t\t\t\t\t<div class=\"elementor-image-carousel-wrapper swiper\" role=\"region\" aria-roledescription=\"carousel\" aria-label=\"Resim D\u00f6ng\u00fcs\u00fc\" dir=\"ltr\">\n\t\t\t<div class=\"elementor-image-carousel swiper-wrapper\" aria-live=\"off\">\n\t\t\t\t\t\t\t\t<div class=\"swiper-slide\" role=\"group\" aria-roledescription=\"slide\" aria-label=\"1 of 1\"><figure class=\"swiper-slide-inner\"><img decoding=\"async\" class=\"swiper-slide-image\" src=\"https:\/\/kavcintekstil.com\/wp-content\/uploads\/2025\/07\/Adsiz-tasarim-69.png\" alt=\"Ads\u0131z tasar\u0131m (69)\" \/><\/figure><\/div>\t\t\t<\/div>\n\t\t\t\t\t<\/div>\n\t\t\t\t\t\t<\/div>\n\t\t\t\t<\/div>\n\t\t\t\t<\/div>\r\n\t\t<div class=\"elementor-element elementor-element-5a568d7 e-con-full e-flex e-con e-child\" data-id=\"5a568d7\" data-element_type=\"container\">\t\t<div class=\"elementor-element elementor-element-787b11d elementor-widget elementor-widget-pxl_heading\" data-id=\"787b11d\" data-element_type=\"widget\" data-widget_type=\"pxl_heading.default\">\n\t\t\t\t<div class=\"elementor-widget-container\">\n\t\t\t\t\t<div class=\"pxl-heading\">\n\t<div class=\"pxl-heading--inner\">\n\t\t\t\t<h2 class=\"pxl-item--title style1 divider-none\" data-wow-delay=\"ms\" data-wow-duration=\"1.2s\">\n\t\t\tIN THE FOOTSTEPS OF NATURE\t\t\t\t\t<\/h2>\n\t<\/div>\n<\/div>\n\t\t\t\t<\/div>\n\t\t\t\t<\/div>\n\t\t\t\t<div class=\"elementor-element elementor-element-675c7b3 elementor-widget elementor-widget-text-editor\" data-id=\"675c7b3\" data-element_type=\"widget\" data-widget_type=\"text-editor.default\">\n\t\t\t\t<div class=\"elementor-widget-container\">\n\t\t\t\t\t\t\t\t\t<p>Our fabric collection, inspired by nature, is crafted with environmental consciousness and consists of fabrics produced through sustainable manufacturing processes. Created using natural fibers, organic materials, and eco-friendly production techniques, this collection reflects not only elegance but also our deep sense of responsibility toward the planet.\n\nFunctional and high-quality fabrics offer ideal solutions for those who wish to remain stylish without compromising the balance of nature. At every step, you can feel respect for nature \u2014 and in every texture, the essence of sustainability.<\/p>\t\t\t\t\t\t\t\t<\/div>\n\t\t\t\t<\/div>\n\t\t\t\t<\/div>\r\n\t\t\t\t\t<\/div>\r\n\t\t\t\t<\/div>\r\n\t\t<div class=\"elementor-element elementor-element-19d5953 e-flex e-con-boxed e-con e-parent\" data-id=\"19d5953\" data-element_type=\"container\">\t\t\t<div class=\"e-con-inner\">\r\n\t\t<div class=\"elementor-element elementor-element-530998c e-con-full e-flex e-con e-child\" data-id=\"530998c\" data-element_type=\"container\">\t\t<div class=\"elementor-element elementor-element-fae6a0b elementor-widget elementor-widget-pxl_heading\" data-id=\"fae6a0b\" data-element_type=\"widget\" data-widget_type=\"pxl_heading.default\">\n\t\t\t\t<div class=\"elementor-widget-container\">\n\t\t\t\t\t<div class=\"pxl-heading\">\n\t<div class=\"pxl-heading--inner\">\n\t\t\t\t<h2 class=\"pxl-item--title style1 divider-none\" data-wow-delay=\"ms\" data-wow-duration=\"1.2s\">\n\t\t\tTHE SHINE OF ELEGANCE\t\t\t\t\t<\/h2>\n\t<\/div>\n<\/div>\n\t\t\t\t<\/div>\n\t\t\t\t<\/div>\n\t\t\t\t<div class=\"elementor-element elementor-element-75015da elementor-widget elementor-widget-text-editor\" data-id=\"75015da\" data-element_type=\"widget\" data-widget_type=\"text-editor.default\">\n\t\t\t\t<div class=\"elementor-widget-container\">\n\t\t\t\t\t\t\t\t\t<p>Our fabric collection, designed to add elegance and sparkle to your evening style, features the finest details crafted for special moments. With shiny, silky, and sophisticated textures, these fabrics create unforgettable looks that blend both aesthetics and comfort. Our shimmering fabrics accompany your night by highlighting your elegance and grace with every step.<\/p>\t\t\t\t\t\t\t\t<\/div>\n\t\t\t\t<\/div>\n\t\t\t\t<\/div>\r\n\t\t<div class=\"elementor-element elementor-element-314c93f e-con-full e-flex e-con e-child\" data-id=\"314c93f\" data-element_type=\"container\">\t\t<div class=\"elementor-element elementor-element-299064f elementor-arrows-position-inside elementor-pagination-position-outside elementor-widget elementor-widget-image-carousel\" data-id=\"299064f\" data-element_type=\"widget\" data-settings=\"{&quot;slides_to_show&quot;:&quot;1&quot;,&quot;navigation&quot;:&quot;both&quot;,&quot;autoplay&quot;:&quot;yes&quot;,&quot;pause_on_hover&quot;:&quot;yes&quot;,&quot;pause_on_interaction&quot;:&quot;yes&quot;,&quot;autoplay_speed&quot;:5000,&quot;infinite&quot;:&quot;yes&quot;,&quot;effect&quot;:&quot;slide&quot;,&quot;speed&quot;:500}\" data-widget_type=\"image-carousel.default\">\n\t\t\t\t<div class=\"elementor-widget-container\">\n\t\t\t\t\t\t\t<div class=\"elementor-image-carousel-wrapper swiper\" role=\"region\" aria-roledescription=\"carousel\" aria-label=\"Resim D\u00f6ng\u00fcs\u00fc\" dir=\"ltr\">\n\t\t\t<div class=\"elementor-image-carousel swiper-wrapper\" aria-live=\"off\">\n\t\t\t\t\t\t\t\t<div class=\"swiper-slide\" role=\"group\" aria-roledescription=\"slide\" aria-label=\"1 of 1\"><figure class=\"swiper-slide-inner\"><img decoding=\"async\" class=\"swiper-slide-image\" src=\"https:\/\/kavcintekstil.com\/wp-content\/uploads\/2025\/07\/Adsiz-tasarim-70.png\" alt=\"Ads\u0131z tasar\u0131m (70)\" \/><\/figure><\/div>\t\t\t<\/div>\n\t\t\t\t\t<\/div>\n\t\t\t\t\t\t<\/div>\n\t\t\t\t<\/div>\n\t\t\t\t<\/div>\r\n\t\t\t\t\t<\/div>\r\n\t\t\t\t<\/div>\r\n\t\t<div class=\"elementor-element elementor-element-f8a9ed6 e-flex e-con-boxed e-con e-parent\" data-id=\"f8a9ed6\" data-element_type=\"container\">\t\t\t<div class=\"e-con-inner\">\r\n\t\t<div class=\"elementor-element elementor-element-27eb13c e-con-full e-flex e-con e-child\" data-id=\"27eb13c\" data-element_type=\"container\">\t\t<div class=\"elementor-element elementor-element-8250475 elementor-arrows-position-inside elementor-pagination-position-outside elementor-widget elementor-widget-image-carousel\" data-id=\"8250475\" data-element_type=\"widget\" data-settings=\"{&quot;slides_to_show&quot;:&quot;1&quot;,&quot;navigation&quot;:&quot;both&quot;,&quot;autoplay&quot;:&quot;yes&quot;,&quot;pause_on_hover&quot;:&quot;yes&quot;,&quot;pause_on_interaction&quot;:&quot;yes&quot;,&quot;autoplay_speed&quot;:5000,&quot;infinite&quot;:&quot;yes&quot;,&quot;effect&quot;:&quot;slide&quot;,&quot;speed&quot;:500}\" data-widget_type=\"image-carousel.default\">\n\t\t\t\t<div class=\"elementor-widget-container\">\n\t\t\t\t\t\t\t<div class=\"elementor-image-carousel-wrapper swiper\" role=\"region\" aria-roledescription=\"carousel\" aria-label=\"Resim D\u00f6ng\u00fcs\u00fc\" dir=\"ltr\">\n\t\t\t<div class=\"elementor-image-carousel swiper-wrapper\" aria-live=\"off\">\n\t\t\t\t\t\t\t\t<div class=\"swiper-slide\" role=\"group\" aria-roledescription=\"slide\" aria-label=\"1 of 1\"><figure class=\"swiper-slide-inner\"><img decoding=\"async\" class=\"swiper-slide-image\" src=\"https:\/\/kavcintekstil.com\/wp-content\/uploads\/2025\/07\/Adsiz-tasarim-71.png\" alt=\"Ads\u0131z tasar\u0131m (71)\" \/><\/figure><\/div>\t\t\t<\/div>\n\t\t\t\t\t<\/div>\n\t\t\t\t\t\t<\/div>\n\t\t\t\t<\/div>\n\t\t\t\t<\/div>\r\n\t\t<div class=\"elementor-element elementor-element-a230ca1 e-con-full e-flex e-con e-child\" data-id=\"a230ca1\" data-element_type=\"container\">\t\t<div class=\"elementor-element elementor-element-7e45c45 elementor-widget elementor-widget-pxl_heading\" data-id=\"7e45c45\" data-element_type=\"widget\" data-widget_type=\"pxl_heading.default\">\n\t\t\t\t<div class=\"elementor-widget-container\">\n\t\t\t\t\t<div class=\"pxl-heading\">\n\t<div class=\"pxl-heading--inner\">\n\t\t\t\t<h2 class=\"pxl-item--title style1 divider-none\" data-wow-delay=\"ms\" data-wow-duration=\"1.2s\">\n\t\t\tTEXTURES THAT EMPOWER YOUR STYLE\t\t\t\t\t<\/h2>\n\t<\/div>\n<\/div>\n\t\t\t\t<\/div>\n\t\t\t\t<\/div>\n\t\t\t\t<div class=\"elementor-element elementor-element-d2969c7 elementor-widget elementor-widget-text-editor\" data-id=\"d2969c7\" data-element_type=\"widget\" data-widget_type=\"text-editor.default\">\n\t\t\t\t<div class=\"elementor-widget-container\">\n\t\t\t\t\t\t\t\t\t<p>Our collection, combining the elegance, power, and sophistication of men's fashion, adds a new dimension to every man's style. Crafted with advanced technology, modern design, and impeccable workmanship, our fabric collection offers the refinement you need for both everyday wear and special occasions. Comprising functional, modern, and stylish fabrics, this collection aims to leave a lasting mark in every man's wardrobe.<\/p>\t\t\t\t\t\t\t\t<\/div>\n\t\t\t\t<\/div>\n\t\t\t\t<\/div>\r\n\t\t\t\t\t<\/div>\r\n\t\t\t\t<\/div>\r\n\t\t<div class=\"elementor-element elementor-element-1b5addd e-flex e-con-boxed e-con e-parent\" data-id=\"1b5addd\" data-element_type=\"container\">\t\t\t<div class=\"e-con-inner\">\r\n\t\t<div class=\"elementor-element elementor-element-667ccc3 e-con-full e-flex e-con e-child\" data-id=\"667ccc3\" data-element_type=\"container\">\t\t<div class=\"elementor-element elementor-element-719cd01 elementor-widget elementor-widget-pxl_heading\" data-id=\"719cd01\" data-element_type=\"widget\" data-widget_type=\"pxl_heading.default\">\n\t\t\t\t<div class=\"elementor-widget-container\">\n\t\t\t\t\t<div class=\"pxl-heading\">\n\t<div class=\"pxl-heading--inner\">\n\t\t\t\t<h2 class=\"pxl-item--title style1 divider-none\" data-wow-delay=\"ms\" data-wow-duration=\"1.2s\">\n\t\t\tRHYTHMS OF THE SEASON\t\t\t\t\t<\/h2>\n\t<\/div>\n<\/div>\n\t\t\t\t<\/div>\n\t\t\t\t<\/div>\n\t\t\t\t<div class=\"elementor-element elementor-element-5d762ff elementor-widget elementor-widget-text-editor\" data-id=\"5d762ff\" data-element_type=\"widget\" data-widget_type=\"text-editor.default\">\n\t\t\t\t<div class=\"elementor-widget-container\">\n\t\t\t\t\t\t\t\t\t<p>We capture the awakening of nature and the energy of the summer sun in our fabrics. Lightweight, breathable, and skin-friendly textures combine the elegant colors of spring and the warm tones of summer with modern designs. Our Spring-Summer collection is designed for those who want to reflect the spirit of the season in their style while prioritizing naturalness and comfort. It offers ideal options for every occasion, from casual elegance to special ensembles.<\/p>\t\t\t\t\t\t\t\t<\/div>\n\t\t\t\t<\/div>\n\t\t\t\t<\/div>\r\n\t\t<div class=\"elementor-element elementor-element-0c45826 e-con-full e-flex e-con e-child\" data-id=\"0c45826\" data-element_type=\"container\">\t\t<div class=\"elementor-element elementor-element-2fbe244 elementor-arrows-position-inside elementor-pagination-position-outside elementor-widget elementor-widget-image-carousel\" data-id=\"2fbe244\" data-element_type=\"widget\" data-settings=\"{&quot;slides_to_show&quot;:&quot;1&quot;,&quot;navigation&quot;:&quot;both&quot;,&quot;autoplay&quot;:&quot;yes&quot;,&quot;pause_on_hover&quot;:&quot;yes&quot;,&quot;pause_on_interaction&quot;:&quot;yes&quot;,&quot;autoplay_speed&quot;:5000,&quot;infinite&quot;:&quot;yes&quot;,&quot;effect&quot;:&quot;slide&quot;,&quot;speed&quot;:500}\" data-widget_type=\"image-carousel.default\">\n\t\t\t\t<div class=\"elementor-widget-container\">\n\t\t\t\t\t\t\t<div class=\"elementor-image-carousel-wrapper swiper\" role=\"region\" aria-roledescription=\"carousel\" aria-label=\"Resim D\u00f6ng\u00fcs\u00fc\" dir=\"ltr\">\n\t\t\t<div class=\"elementor-image-carousel swiper-wrapper\" aria-live=\"off\">\n\t\t\t\t\t\t\t\t<div class=\"swiper-slide\" role=\"group\" aria-roledescription=\"slide\" aria-label=\"1 of 1\"><figure class=\"swiper-slide-inner\"><img decoding=\"async\" class=\"swiper-slide-image\" src=\"https:\/\/kavcintekstil.com\/wp-content\/uploads\/2025\/07\/Adsiz-tasarim-72-1.png\" alt=\"Ads\u0131z tasar\u0131m (72)\" \/><\/figure><\/div>\t\t\t<\/div>\n\t\t\t\t\t<\/div>\n\t\t\t\t\t\t<\/div>\n\t\t\t\t<\/div>\n\t\t\t\t<\/div>\r\n\t\t\t\t\t<\/div>\r\n\t\t\t\t<\/div>\r\n\t\t<div class=\"elementor-element elementor-element-517551c e-flex e-con-boxed e-con e-parent\" data-id=\"517551c\" data-element_type=\"container\">\t\t\t<div class=\"e-con-inner\">\r\n\t\t<div class=\"elementor-element elementor-element-0144ace e-con-full e-flex e-con e-child\" data-id=\"0144ace\" data-element_type=\"container\">\t\t<div class=\"elementor-element elementor-element-0a0bcab elementor-arrows-position-inside elementor-pagination-position-outside elementor-widget elementor-widget-image-carousel\" data-id=\"0a0bcab\" data-element_type=\"widget\" data-settings=\"{&quot;slides_to_show&quot;:&quot;1&quot;,&quot;navigation&quot;:&quot;both&quot;,&quot;autoplay&quot;:&quot;yes&quot;,&quot;pause_on_hover&quot;:&quot;yes&quot;,&quot;pause_on_interaction&quot;:&quot;yes&quot;,&quot;autoplay_speed&quot;:5000,&quot;infinite&quot;:&quot;yes&quot;,&quot;effect&quot;:&quot;slide&quot;,&quot;speed&quot;:500}\" data-widget_type=\"image-carousel.default\">\n\t\t\t\t<div class=\"elementor-widget-container\">\n\t\t\t\t\t\t\t<div class=\"elementor-image-carousel-wrapper swiper\" role=\"region\" aria-roledescription=\"carousel\" aria-label=\"Resim D\u00f6ng\u00fcs\u00fc\" dir=\"ltr\">\n\t\t\t<div class=\"elementor-image-carousel swiper-wrapper\" aria-live=\"off\">\n\t\t\t\t\t\t\t\t<div class=\"swiper-slide\" role=\"group\" aria-roledescription=\"slide\" aria-label=\"1 of 1\"><figure class=\"swiper-slide-inner\"><img decoding=\"async\" class=\"swiper-slide-image\" src=\"https:\/\/kavcintekstil.com\/wp-content\/uploads\/2025\/07\/Adsiz-tasarim-73.png\" alt=\"Ads\u0131z tasar\u0131m (73)\" \/><\/figure><\/div>\t\t\t<\/div>\n\t\t\t\t\t<\/div>\n\t\t\t\t\t\t<\/div>\n\t\t\t\t<\/div>\n\t\t\t\t<\/div>\r\n\t\t<div class=\"elementor-element elementor-element-8767891 e-con-full e-flex e-con e-child\" data-id=\"8767891\" data-element_type=\"container\">\t\t<div class=\"elementor-element elementor-element-0343777 elementor-widget elementor-widget-pxl_heading\" data-id=\"0343777\" data-element_type=\"widget\" data-widget_type=\"pxl_heading.default\">\n\t\t\t\t<div class=\"elementor-widget-container\">\n\t\t\t\t\t<div class=\"pxl-heading\">\n\t<div class=\"pxl-heading--inner\">\n\t\t\t\t<h2 class=\"pxl-item--title style1 divider-none\" data-wow-delay=\"ms\" data-wow-duration=\"1.2s\">\n\t\t\tA TOUCH TO THE WORLD OF LITTLE ONES\t\t\t\t\t<\/h2>\n\t<\/div>\n<\/div>\n\t\t\t\t<\/div>\n\t\t\t\t<\/div>\n\t\t\t\t<div class=\"elementor-element elementor-element-0c772b8 elementor-widget elementor-widget-text-editor\" data-id=\"0c772b8\" data-element_type=\"widget\" data-widget_type=\"text-editor.default\">\n\t\t\t\t<div class=\"elementor-widget-container\">\n\t\t\t\t\t\t\t\t\t<p>Our children's fabric collection is designed with a focus on comfort, safety, and style for little ones. Soft textures, skin-friendly fabrics, and vibrant colors provide ideal options for children to move freely. Playful, energetic, and adorable designs reflect each child's joy and energy in every fabric. Offering security and comfort at every step, our collection adds color to the world of children.<\/p>\t\t\t\t\t\t\t\t<\/div>\n\t\t\t\t<\/div>\n\t\t\t\t<\/div>\r\n\t\t\t\t\t<\/div>\r\n\t\t\t\t<\/div>\r\n\t\t<div class=\"elementor-element elementor-element-e633aaa e-flex e-con-boxed e-con e-parent\" data-id=\"e633aaa\" data-element_type=\"container\">\t\t\t<div class=\"e-con-inner\">\r\n\t\t<div class=\"elementor-element elementor-element-b3fac61 e-con-full e-flex e-con e-child\" data-id=\"b3fac61\" data-element_type=\"container\">\t\t<div class=\"elementor-element elementor-element-a615f25 elementor-widget elementor-widget-pxl_heading\" data-id=\"a615f25\" data-element_type=\"widget\" data-widget_type=\"pxl_heading.default\">\n\t\t\t\t<div class=\"elementor-widget-container\">\n\t\t\t\t\t<div class=\"pxl-heading\">\n\t<div class=\"pxl-heading--inner\">\n\t\t\t\t<h2 class=\"pxl-item--title style1 divider-none\" data-wow-delay=\"ms\" data-wow-duration=\"1.2s\">\n\t\t\tTEXTURES THAT TOUCH TIME\t\t\t\t\t<\/h2>\n\t<\/div>\n<\/div>\n\t\t\t\t<\/div>\n\t\t\t\t<\/div>\n\t\t\t\t<div class=\"elementor-element elementor-element-e51495b elementor-widget elementor-widget-text-editor\" data-id=\"e51495b\" data-element_type=\"widget\" data-widget_type=\"text-editor.default\">\n\t\t\t\t<div class=\"elementor-widget-container\">\n\t\t\t\t\t\t\t\t\t<p>As the seasons change, the tranquility of nature and the richness of colors are reflected in our fabrics. This collection, combining the warmth, comfort, and durability needed for autumn and winter months, offers a strong structure that adapts to both urban life and bespoke designs. Prepared with soft textures, firm weaves, and rich tones, our Autumn-Winter series provides a reliable fabric experience for those who refuse to compromise on style during the cold season.<\/p>\t\t\t\t\t\t\t\t<\/div>\n\t\t\t\t<\/div>\n\t\t\t\t<\/div>\r\n\t\t<div class=\"elementor-element elementor-element-e47f037 e-con-full e-flex e-con e-child\" data-id=\"e47f037\" data-element_type=\"container\">\t\t<div class=\"elementor-element elementor-element-5c93a6b elementor-arrows-position-inside elementor-pagination-position-outside elementor-widget elementor-widget-image-carousel\" data-id=\"5c93a6b\" data-element_type=\"widget\" data-settings=\"{&quot;slides_to_show&quot;:&quot;1&quot;,&quot;navigation&quot;:&quot;both&quot;,&quot;autoplay&quot;:&quot;yes&quot;,&quot;pause_on_hover&quot;:&quot;yes&quot;,&quot;pause_on_interaction&quot;:&quot;yes&quot;,&quot;autoplay_speed&quot;:5000,&quot;infinite&quot;:&quot;yes&quot;,&quot;effect&quot;:&quot;slide&quot;,&quot;speed&quot;:500}\" data-widget_type=\"image-carousel.default\">\n\t\t\t\t<div class=\"elementor-widget-container\">\n\t\t\t\t\t\t\t<div class=\"elementor-image-carousel-wrapper swiper\" role=\"region\" aria-roledescription=\"carousel\" aria-label=\"Resim D\u00f6ng\u00fcs\u00fc\" dir=\"ltr\">\n\t\t\t<div class=\"elementor-image-carousel swiper-wrapper\" aria-live=\"off\">\n\t\t\t\t\t\t\t\t<div class=\"swiper-slide\" role=\"group\" aria-roledescription=\"slide\" aria-label=\"1 of 1\"><figure class=\"swiper-slide-inner\"><img decoding=\"async\" class=\"swiper-slide-image\" src=\"https:\/\/kavcintekstil.com\/wp-content\/uploads\/2025\/07\/Adsiz-tasarim-74.png\" alt=\"Ads\u0131z tasar\u0131m (74)\" \/><\/figure><\/div>\t\t\t<\/div>\n\t\t\t\t\t<\/div>\n\t\t\t\t\t\t<\/div>\n\t\t\t\t<\/div>\n\t\t\t\t<\/div>\r\n\t\t\t\t\t<\/div>\r\n\t\t\t\t<\/div>\r\n\t\t\t\t<\/div>","protected":false},"excerpt":{"rendered":"<p>DO\u011eANIN \u0130Z\u0130NDE Do\u011fan\u0131n izinde ilerleyen kuma\u015f koleksiyonumuz, \u00e7evreyi koruma bilinciyle tasarlanm\u0131\u015f, s\u00fcrd\u00fcr\u00fclebilir \u00fcretim s\u00fcre\u00e7lerinden elde edilen kuma\u015flardan olu\u015fmaktad\u0131r. Do\u011fal elyaflar, organik malzemeler ve \u00e7evreye duyarl\u0131 \u00fcretim teknikleriyle haz\u0131rlanan koleksiyonumuz, sadece \u015f\u0131kl\u0131\u011f\u0131 de\u011fil, ayn\u0131 zamanda gezegenimize duydu\u011fumuz sorumlulu\u011fu da yans\u0131t\u0131r. Fonksiyonel ve kaliteli kuma\u015flar, hem do\u011fan\u0131n dengesine katk\u0131 sa\u011flarken hem de \u015f\u0131kl\u0131\u011f\u0131ndan \u00f6d\u00fcn vermek istemeyenler i\u00e7in [&hellip;]<\/p>","protected":false},"author":1,"featured_media":0,"parent":0,"menu_order":0,"comment_status":"closed","ping_status":"closed","template":"","meta":{"footnotes":""},"class_list":["post-496","page","type-page","status-publish","hentry"],"_links":{"self":[{"href":"https:\/\/kavcintekstil.com\/en\/wp-json\/wp\/v2\/pages\/496","targetHints":{"allow":["GET"]}}],"collection":[{"href":"https:\/\/kavcintekstil.com\/en\/wp-json\/wp\/v2\/pages"}],"about":[{"href":"https:\/\/kavcintekstil.com\/en\/wp-json\/wp\/v2\/types\/page"}],"author":[{"embeddable":true,"href":"https:\/\/kavcintekstil.com\/en\/wp-json\/wp\/v2\/users\/1"}],"replies":[{"embeddable":true,"href":"https:\/\/kavcintekstil.com\/en\/wp-json\/wp\/v2\/comments?post=496"}],"version-history":[{"count":0,"href":"https:\/\/kavcintekstil.com\/en\/wp-json\/wp\/v2\/pages\/496\/revisions"}],"wp:attachment":[{"href":"https:\/\/kavcintekstil.com\/en\/wp-json\/wp\/v2\/media?parent=496"}],"curies":[{"name":"wp","href":"https:\/\/api.w.org\/{rel}","templated":true}]}}