{"id":498,"date":"2023-04-12T08:52:46","date_gmt":"2023-04-12T08:52:46","guid":{"rendered":"http:\/\/localhost\/mrittik\/?page_id=498"},"modified":"2025-07-22T13:33:49","modified_gmt":"2025-07-22T13:33:49","slug":"hakkimizda","status":"publish","type":"page","link":"https:\/\/kavcintekstil.com\/en\/hakkimizda\/","title":{"rendered":"About Us"},"content":{"rendered":"<div data-elementor-type=\"wp-page\" data-elementor-id=\"498\" class=\"elementor elementor-498\" data-elementor-post-type=\"page\">\n\t\t\t\t        <section class=\"elementor-section elementor-top-section elementor-element elementor-element-a856b0c elementor-section-boxed elementor-section-height-default elementor-section-height-default pxl-row-scroll-none pxl-show-grid-none pxl-section-bg-none pxl-section-grid-bg-false\" data-id=\"a856b0c\" data-element_type=\"section\">\n\n                \n                <div class=\"elementor-container elementor-column-gap-default\">\n                <div class=\"elementor-column elementor-col-100 elementor-top-column elementor-element elementor-element-659444f pxl-column-none\" data-id=\"659444f\" data-element_type=\"column\">\r\n        <div class=\"elementor-widget-wrap elementor-element-populated\">\r\n                     \r\n        \t\t<div class=\"elementor-element elementor-element-b65d4e8 elementor-widget elementor-widget-pxl_heading\" data-id=\"b65d4e8\" data-element_type=\"widget\" data-widget_type=\"pxl_heading.default\">\n\t\t\t\t<div class=\"elementor-widget-container\">\n\t\t\t\t\t<div class=\"pxl-heading\">\n\t<div class=\"pxl-heading--inner\">\n\t\t\t\t\t<div class=\"pxl-item--subtitle\" data-wow-delay=\"ms\" data-wow-duration=\"1.2s\"><span>SINCE 1994, WEAVING QUALITY...<\/span><\/div>\n\t\t\t\t<h2 class=\"pxl-item--title style1 divider-none\" data-wow-delay=\"ms\" data-wow-duration=\"1.2s\">\n\t\t\t\t\t\t\t\t<\/h2>\n\t<\/div>\n<\/div>\n\t\t\t\t<\/div>\n\t\t\t\t<\/div>\n\t\t\t\t<div class=\"elementor-element elementor-element-8f5f7a1 elementor-widget elementor-widget-pxl_text_editor\" data-id=\"8f5f7a1\" data-element_type=\"widget\" data-widget_type=\"pxl_text_editor.default\">\n\t\t\t\t<div class=\"elementor-widget-container\">\n\t\t\t\t\t<div class=\"pxl-text-editor\" data-wow-delay=\"ms\" data-wow-duration=\"1.2s\">\n\t<div class=\"pxl-item--inner\">\n\t\t<p>Every fabric we have woven for three generations carries the mark of history and craftsmanship.<\/p>\t<\/div>\n<\/div>\n\t\t\t\t<\/div>\n\t\t\t\t<\/div>\n\t\t\t\t<div class=\"elementor-element elementor-element-efed0f7 elementor-widget__width-initial elementor-widget elementor-widget-pxl_image\" data-id=\"efed0f7\" data-element_type=\"widget\" data-widget_type=\"pxl_image.default\">\n\t\t\t\t<div class=\"elementor-widget-container\">\n\t\t\t\t\t<div class=\"pxl-image-single pxl-image-single1  divider-top\" data-wow-delay=\"ms\" data-wow-duration=\"1.2s\">\r\n                        <div class=\"pxl-item--inner\">\r\n                                    <img fetchpriority=\"high\" decoding=\"async\" width=\"1080\" height=\"1918\" src=\"https:\/\/kavcintekstil.com\/wp-content\/uploads\/2025\/06\/DSF0308-1.jpg\" class=\"no-lazyload attachment-full\" alt=\"\" \/>                            <\/div>\r\n                <\/div>\t\t\t\t<\/div>\n\t\t\t\t<\/div>\n\t\t\t\t<div class=\"elementor-element elementor-element-623767e elementor-widget__width-initial elementor-widget elementor-widget-pxl_image\" data-id=\"623767e\" data-element_type=\"widget\" data-widget_type=\"pxl_image.default\">\n\t\t\t\t<div class=\"elementor-widget-container\">\n\t\t\t\t\t<div class=\"pxl-image-single pxl-image-single1  divider-top\" data-wow-delay=\"ms\" data-wow-duration=\"1.2s\">\r\n                        <div class=\"pxl-item--inner\">\r\n                                    <img decoding=\"async\" width=\"1441\" height=\"2560\" src=\"https:\/\/kavcintekstil.com\/wp-content\/uploads\/2025\/06\/DSF0425-scaled.jpg\" class=\"no-lazyload attachment-full\" alt=\"\" \/>                            <\/div>\r\n                <\/div>\t\t\t\t<\/div>\n\t\t\t\t<\/div>\n\t\t        <section class=\"elementor-section elementor-inner-section elementor-element elementor-element-c25a51e elementor-section-boxed elementor-section-height-default elementor-section-height-default pxl-row-scroll-none pxl-show-grid-none pxl-section-bg-none pxl-section-grid-bg-false\" data-id=\"c25a51e\" data-element_type=\"section\">\n\n                \n                <div class=\"elementor-container elementor-column-gap-no\">\n                <div class=\"elementor-column elementor-col-50 elementor-inner-column elementor-element elementor-element-ecbff8c pxl-column-none\" data-id=\"ecbff8c\" data-element_type=\"column\">\r\n        <div class=\"elementor-widget-wrap elementor-element-populated\">\r\n                     \r\n        \t\t<div class=\"elementor-element elementor-element-55376d7 elementor-widget elementor-widget-pxl_heading\" data-id=\"55376d7\" data-element_type=\"widget\" data-widget_type=\"pxl_heading.default\">\n\t\t\t\t<div class=\"elementor-widget-container\">\n\t\t\t\t\t<div class=\"pxl-heading\">\n\t<div class=\"pxl-heading--inner\">\n\t\t\t\t<h3 class=\"pxl-item--title style1 divider-bottom pxl-split-text split-in-right\" data-wow-delay=\"ms\" data-wow-duration=\"1.2s\">\n\t\t\tOur Quality Knows No Bounds\t\t\t\t\t<\/h3>\n\t<\/div>\n<\/div>\n\t\t\t\t<\/div>\n\t\t\t\t<\/div>\n\t\t            <\/div>\r\n        <\/div>\r\n                <div class=\"elementor-column elementor-col-50 elementor-inner-column elementor-element elementor-element-e1663ee pxl-column-none\" data-id=\"e1663ee\" data-element_type=\"column\">\r\n        <div class=\"elementor-widget-wrap elementor-element-populated\">\r\n                     \r\n        \t\t<div class=\"elementor-element elementor-element-43f05d3 elementor-widget elementor-widget-pxl_text_editor\" data-id=\"43f05d3\" data-element_type=\"widget\" data-widget_type=\"pxl_text_editor.default\">\n\t\t\t\t<div class=\"elementor-widget-container\">\n\t\t\t\t\t<div class=\"pxl-text-editor\" data-wow-delay=\"ms\" data-wow-duration=\"1.2s\">\n\t<div class=\"pxl-item--inner\">\n\t\t<p>Founded in 1994 by our founder \u0130sa KAV\u00c7\u0130N at the Vi\u015fne Trade Center in Y\u0131ld\u0131r\u0131m, Bursa, Kav\u00e7in Tekstil is a pioneering family company in woven fabric manufacturing and the apparel industry.<\/p><p>\u0130sa KAV\u00c7\u0130N entered the textile industry at a young age as an apprentice and spent many years working in various branches of the sector, continuously improving himself. In 1994, with his accumulated knowledge and vision, he founded Kav\u00e7in Tekstil, leaving a lasting mark in the industry. Our company has steadily strengthened its position in the sector through innovative production methods, strategic investments, and high-quality products. Today, Kav\u00e7in Tekstil is successfully continued by the third generation and has become one of the sought-after names in both the daily and fancy fabric markets.<\/p><p>Kav\u00e7in Tekstil holds a strong position not only in the domestic market but also internationally. Exporting a significant portion of its annual production abroad, our company has become a preferred brand in the global market thanks to its high-quality products.<\/p><p>Kav\u00e7in Tekstil continuously increases its production capacity through technological investments and innovative approaches, aiming to provide its customers with the highest quality products. Operating with eco-friendly production methods and a commitment to sustainability, our company always prioritizes its responsibilities toward society and the environment. Upholding the principles of quality, innovation, honesty, and sustainability without compromise, Kav\u00e7in Tekstil will continue to be a leading textile company shaping the industry in the future.<\/p>\t<\/div>\n<\/div>\n\t\t\t\t<\/div>\n\t\t\t\t<\/div>\n\t\t            <\/div>\r\n        <\/div>\r\n        \t\t\t<\/div>\n\t\t<\/section>\n\t\t        <section class=\"elementor-section elementor-inner-section elementor-element elementor-element-f0f1485 elementor-section-boxed elementor-section-height-default elementor-section-height-default pxl-row-scroll-none pxl-show-grid-none pxl-section-bg-none pxl-section-grid-bg-false\" data-id=\"f0f1485\" data-element_type=\"section\">\n\n                \n                <div class=\"elementor-container elementor-column-gap-no\">\n                <div class=\"elementor-column elementor-col-50 elementor-inner-column elementor-element elementor-element-50c1d10 pxl-column-none\" data-id=\"50c1d10\" data-element_type=\"column\">\r\n        <div class=\"elementor-widget-wrap elementor-element-populated\">\r\n                     \r\n        \t\t<div class=\"elementor-element elementor-element-f54ce48 elementor-widget elementor-widget-pxl_text_editor\" data-id=\"f54ce48\" data-element_type=\"widget\" data-widget_type=\"pxl_text_editor.default\">\n\t\t\t\t<div class=\"elementor-widget-container\">\n\t\t\t\t\t<div class=\"pxl-text-editor\" data-wow-delay=\"ms\" data-wow-duration=\"1.2s\">\n\t<div class=\"pxl-item--inner\">\n\t\t<p><strong><b>Kav\u00e7in Tekstil<\/b><\/strong>Since 1994, it has been a symbol of quality and trust in woven fabric production. Specializing in both daily and fancy fabrics, our company combines high quality with elegant designs and comfortable-to-use fabrics through an innovative production approach. Our mission is to add value to the industry by offering our customers aesthetic, elegant, and functional fabrics.<\/p>\t<\/div>\n<\/div>\n\t\t\t\t<\/div>\n\t\t\t\t<\/div>\n\t\t            <\/div>\r\n        <\/div>\r\n                <div class=\"elementor-column elementor-col-50 elementor-inner-column elementor-element elementor-element-35cf32d pxl-column-none\" data-id=\"35cf32d\" data-element_type=\"column\">\r\n        <div class=\"elementor-widget-wrap elementor-element-populated\">\r\n                     \r\n        \t\t<div class=\"elementor-element elementor-element-e47d044 elementor-widget elementor-widget-pxl_heading\" data-id=\"e47d044\" data-element_type=\"widget\" data-widget_type=\"pxl_heading.default\">\n\t\t\t\t<div class=\"elementor-widget-container\">\n\t\t\t\t\t<div class=\"pxl-heading\">\n\t<div class=\"pxl-heading--inner\">\n\t\t\t\t<h3 class=\"pxl-item--title style1 divider-bottom pxl-split-text split-in-right\" data-wow-delay=\"ms\" data-wow-duration=\"1.2s\">\n\t\t\tMission\t\t\t\t\t<\/h3>\n\t<\/div>\n<\/div>\n\t\t\t\t<\/div>\n\t\t\t\t<\/div>\n\t\t            <\/div>\r\n        <\/div>\r\n        \t\t\t<\/div>\n\t\t<\/section>\n\t\t        <section class=\"elementor-section elementor-inner-section elementor-element elementor-element-8092f11 elementor-section-boxed elementor-section-height-default elementor-section-height-default pxl-row-scroll-none pxl-show-grid-none pxl-section-bg-none pxl-section-grid-bg-false\" data-id=\"8092f11\" data-element_type=\"section\">\n\n                \n                <div class=\"elementor-container elementor-column-gap-no\">\n                <div class=\"elementor-column elementor-col-50 elementor-inner-column elementor-element elementor-element-151b762 pxl-column-none\" data-id=\"151b762\" data-element_type=\"column\">\r\n        <div class=\"elementor-widget-wrap elementor-element-populated\">\r\n                     \r\n        \t\t<div class=\"elementor-element elementor-element-437ad3a elementor-widget elementor-widget-pxl_heading\" data-id=\"437ad3a\" data-element_type=\"widget\" data-widget_type=\"pxl_heading.default\">\n\t\t\t\t<div class=\"elementor-widget-container\">\n\t\t\t\t\t<div class=\"pxl-heading\">\n\t<div class=\"pxl-heading--inner\">\n\t\t\t\t<h3 class=\"pxl-item--title style1 divider-bottom pxl-split-text split-in-right\" data-wow-delay=\"ms\" data-wow-duration=\"1.2s\">\n\t\t\tVision\t\t\t\t\t<\/h3>\n\t<\/div>\n<\/div>\n\t\t\t\t<\/div>\n\t\t\t\t<\/div>\n\t\t            <\/div>\r\n        <\/div>\r\n                <div class=\"elementor-column elementor-col-50 elementor-inner-column elementor-element elementor-element-19d45a9 pxl-column-none\" data-id=\"19d45a9\" data-element_type=\"column\">\r\n        <div class=\"elementor-widget-wrap elementor-element-populated\">\r\n                     \r\n        \t\t<div class=\"elementor-element elementor-element-8611fdb elementor-widget elementor-widget-pxl_text_editor\" data-id=\"8611fdb\" data-element_type=\"widget\" data-widget_type=\"pxl_text_editor.default\">\n\t\t\t\t<div class=\"elementor-widget-container\">\n\t\t\t\t\t<div class=\"pxl-text-editor\" data-wow-delay=\"ms\" data-wow-duration=\"1.2s\">\n\t<div class=\"pxl-item--inner\">\n\t\t<p>With our flexible production capacity and investments in modern technologies, we bring every design to life, harmoniously combining elegance and quality in our fabrics. Our vision is to continue growing as an innovative and environmentally conscious brand, preferred in both local and international markets, in line with our principles of sustainable production.<\/p>\t<\/div>\n<\/div>\n\t\t\t\t<\/div>\n\t\t\t\t<\/div>\n\t\t            <\/div>\r\n        <\/div>\r\n        \t\t\t<\/div>\n\t\t<\/section>\n\t\t        <section class=\"elementor-section elementor-inner-section elementor-element elementor-element-018a5de elementor-section-boxed elementor-section-height-default elementor-section-height-default pxl-row-scroll-none pxl-show-grid-none pxl-section-bg-none pxl-section-grid-bg-false\" data-id=\"018a5de\" data-element_type=\"section\">\n\n                \n                <div class=\"elementor-container elementor-column-gap-no\">\n                <div class=\"elementor-column elementor-col-50 elementor-inner-column elementor-element elementor-element-83806c3 pxl-column-none\" data-id=\"83806c3\" data-element_type=\"column\">\r\n        <div class=\"elementor-widget-wrap elementor-element-populated\">\r\n                     \r\n        \t\t<div class=\"elementor-element elementor-element-fc34baf elementor-widget elementor-widget-pxl_text_editor\" data-id=\"fc34baf\" data-element_type=\"widget\" data-widget_type=\"pxl_text_editor.default\">\n\t\t\t\t<div class=\"elementor-widget-container\">\n\t\t\t\t\t<div class=\"pxl-text-editor\" data-wow-delay=\"ms\" data-wow-duration=\"1.2s\">\n\t<div class=\"pxl-item--inner\">\n\t\t<p><strong><b>Quality<\/b><\/strong><br \/>By adopting high-quality standards at every stage of production, we consistently provide our customers with reliable and durable products.<\/p><p><strong><b>Sustainability<\/b><\/strong><br \/>With our environmentally conscious production processes, we strive to protect natural resources and aim to leave a livable world for future generations.<\/p><p><strong><b>Innovation<\/b><\/strong><br \/>By closely following technology and trends, we continuously evolve and provide our customers with modern and creative solutions.<\/p><p><strong><b>Reliability<\/b><\/strong><br \/>We prioritize building long-term business relationships through our honest, transparent, and ethically-driven way of working.<\/p><p><strong><b>Customer Focus<\/b><\/strong><br \/>By accurately understanding needs, we focus on delivering service and product quality that exceeds expectations.<\/p><p><strong><b>Fast and Flexible Service<\/b><\/strong><br \/>We value your time. We support our order processes with R&amp;D efforts driven by your requests, delivering uninterrupted service through fast production, flexible planning, and on-time delivery.<\/p>\t<\/div>\n<\/div>\n\t\t\t\t<\/div>\n\t\t\t\t<\/div>\n\t\t            <\/div>\r\n        <\/div>\r\n                <div class=\"elementor-column elementor-col-50 elementor-inner-column elementor-element elementor-element-191544c pxl-column-none\" data-id=\"191544c\" data-element_type=\"column\">\r\n        <div class=\"elementor-widget-wrap elementor-element-populated\">\r\n                     \r\n        \t\t<div class=\"elementor-element elementor-element-fc06ea3 elementor-widget elementor-widget-pxl_heading\" data-id=\"fc06ea3\" data-element_type=\"widget\" data-widget_type=\"pxl_heading.default\">\n\t\t\t\t<div class=\"elementor-widget-container\">\n\t\t\t\t\t<div class=\"pxl-heading\">\n\t<div class=\"pxl-heading--inner\">\n\t\t\t\t<h3 class=\"pxl-item--title style1 divider-bottom pxl-split-text split-in-right\" data-wow-delay=\"ms\" data-wow-duration=\"1.2s\">\n\t\t\tOur Values\t\t\t\t\t<\/h3>\n\t<\/div>\n<\/div>\n\t\t\t\t<\/div>\n\t\t\t\t<\/div>\n\t\t            <\/div>\r\n        <\/div>\r\n        \t\t\t<\/div>\n\t\t<\/section>\n\t\t            <\/div>\r\n        <\/div>\r\n        \t\t\t<\/div>\n\t\t<\/section>\n\t\t        <section class=\"elementor-section elementor-top-section elementor-element elementor-element-f3b58ba elementor-section-boxed elementor-section-height-default elementor-section-height-default pxl-row-scroll-none pxl-show-grid-none pxl-section-bg-none pxl-section-grid-bg-false\" data-id=\"f3b58ba\" data-element_type=\"section\" data-settings=\"{&quot;background_background&quot;:&quot;classic&quot;}\">\n\n                \n                <div class=\"elementor-container elementor-column-gap-default\">\n                <div class=\"elementor-column elementor-col-50 elementor-top-column elementor-element elementor-element-758f97e pxl-column-none\" data-id=\"758f97e\" data-element_type=\"column\">\r\n        <div class=\"elementor-widget-wrap elementor-element-populated\">\r\n                     \r\n        \t\t<div class=\"elementor-element elementor-element-0afa2d1 elementor-widget elementor-widget-pxl_counter\" data-id=\"0afa2d1\" data-element_type=\"widget\" data-widget_type=\"pxl_counter.default\">\n\t\t\t\t<div class=\"elementor-widget-container\">\n\t\t\t\t\t<div class=\"pxl-counter pxl-counter1 style1\" data-wow-delay=\"ms\" data-wow-duration=\"1.2s\">\r\n    <div class=\"pxl--item-inner\">\r\n        <div class=\"pxl--counter-number\">\r\n                        <span class=\"pxl--counter-value\" data-duration=\"2000\" data-to-value=\"1.5\" data-delimiter=\"\" data-text=\"m\">0<\/span>\r\n                            <span class=\"pxl--counter-suffix\">m<\/span>\r\n                    <\/div>\r\n                    <div class=\"pxl--item-title\">Meters Annual Production<\/div>\r\n            <\/div>\r\n<\/div>\t\t\t\t<\/div>\n\t\t\t\t<\/div>\n\t\t            <\/div>\r\n        <\/div>\r\n                <div class=\"elementor-column elementor-col-50 elementor-top-column elementor-element elementor-element-0ea410e pxl-column-none\" data-id=\"0ea410e\" data-element_type=\"column\">\r\n        <div class=\"elementor-widget-wrap elementor-element-populated\">\r\n                     \r\n        \t\t<div class=\"elementor-element elementor-element-cde7ef9 elementor-widget elementor-widget-pxl_counter\" data-id=\"cde7ef9\" data-element_type=\"widget\" data-widget_type=\"pxl_counter.default\">\n\t\t\t\t<div class=\"elementor-widget-container\">\n\t\t\t\t\t<div class=\"pxl-counter pxl-counter1 style1\" data-wow-delay=\"ms\" data-wow-duration=\"1.2s\">\r\n    <div class=\"pxl--item-inner\">\r\n        <div class=\"pxl--counter-number\">\r\n                        <span class=\"pxl--counter-value\" data-duration=\"2000\" data-to-value=\"30\" data-delimiter=\"\" data-text=\"+\">1<\/span>\r\n                            <span class=\"pxl--counter-suffix\">+<\/span>\r\n                    <\/div>\r\n                    <div class=\"pxl--item-title\">Years of Experience<\/div>\r\n            <\/div>\r\n<\/div>\t\t\t\t<\/div>\n\t\t\t\t<\/div>\n\t\t            <\/div>\r\n        <\/div>\r\n        \t\t\t<\/div>\n\t\t<\/section>\n\t\t\t\t<\/div>","protected":false},"excerpt":{"rendered":"<p>SINCE 1994, WEAVING QUALITY&#8230; \u00dc\u00e7 nesildir dokudu\u011fumuz her kuma\u015f, bir ge\u00e7mi\u015fin ve eme\u011fin izini ta\u015f\u0131r. Kalitemiz S\u0131n\u0131r Tan\u0131m\u0131yor 1994 y\u0131l\u0131nda Bursa Y\u0131ld\u0131r\u0131m Vi\u015fne Ticaret Merkezinde kurucumuz \u0130sa KAV\u00c7\u0130N taraf\u0131ndan faaliyete ba\u015flayan Kav\u00e7in Tekstil, dokuma kuma\u015f imalat\u0131nda ve giyim sekt\u00f6r\u00fcnde \u00f6nc\u00fc bir aile \u015firketidir. \u0130sa KAV\u00c7\u0130N, tekstil sekt\u00f6r\u00fcne gen\u00e7 ya\u015fta \u00e7\u0131rak olarak ad\u0131m atm\u0131\u015f ve uzun [&hellip;]<\/p>","protected":false},"author":1,"featured_media":0,"parent":0,"menu_order":0,"comment_status":"closed","ping_status":"closed","template":"","meta":{"footnotes":""},"class_list":["post-498","page","type-page","status-publish","hentry"],"_links":{"self":[{"href":"https:\/\/kavcintekstil.com\/en\/wp-json\/wp\/v2\/pages\/498","targetHints":{"allow":["GET"]}}],"collection":[{"href":"https:\/\/kavcintekstil.com\/en\/wp-json\/wp\/v2\/pages"}],"about":[{"href":"https:\/\/kavcintekstil.com\/en\/wp-json\/wp\/v2\/types\/page"}],"author":[{"embeddable":true,"href":"https:\/\/kavcintekstil.com\/en\/wp-json\/wp\/v2\/users\/1"}],"replies":[{"embeddable":true,"href":"https:\/\/kavcintekstil.com\/en\/wp-json\/wp\/v2\/comments?post=498"}],"version-history":[{"count":0,"href":"https:\/\/kavcintekstil.com\/en\/wp-json\/wp\/v2\/pages\/498\/revisions"}],"wp:attachment":[{"href":"https:\/\/kavcintekstil.com\/en\/wp-json\/wp\/v2\/media?parent=498"}],"curies":[{"name":"wp","href":"https:\/\/api.w.org\/{rel}","templated":true}]}}